{"id":31,"date":"2022-12-19T22:36:45","date_gmt":"2022-12-19T21:36:45","guid":{"rendered":"https:\/\/qwazerty.com\/?page_id=31"},"modified":"2022-12-23T21:20:21","modified_gmt":"2022-12-23T20:20:21","slug":"ses-concerts","status":"publish","type":"page","link":"https:\/\/qwazerty.com\/index.php\/ses-concerts\/","title":{"rendered":"Son Album"},"content":{"rendered":"<h2><span style=\"text-decoration: underline;\"><strong>Son Album :<\/strong><\/span><\/h2>\n<p>Fascin\u00e9 depuis toujours par <strong>l&rsquo;informatique<\/strong> <em>(***d&rsquo;o\u00f9 l&rsquo;origine de son nom d&rsquo;artiste),<\/em>\u00a0QwAzerty s&rsquo;est tout naturellement orient\u00e9 dans un style fusion regroupant la MAO, l&rsquo;acoustique Jazz, le rock et le rhythm&rsquo;n&rsquo;blues.<\/p>\n<p>Dans ses <strong>compositions jazz-rock<\/strong>, il s&rsquo;inspire de son exp\u00e9rience de la sc\u00e8ne (plus d&rsquo;une centaine de concerts) qui lui a permis de trouver ses marques en tant qu&rsquo;interpr\u00e8te. Infini romantique et nostalgique, il interpr\u00e8te autant de morceaux rythm\u00e9s que m\u00e9lancoliques.<\/p>\n<p>D&rsquo;influence anglo-franco-am\u00e9ricaine, il ne peux s&#8217;emp\u00eacher de mixer et remixer ses propres sons musicaux, dans un style <em>groovy<\/em>, afin d&rsquo;\u00e9largir son r\u00e9pertoire et de sortir de sa zone de confort.<\/p>\n<p><img loading=\"lazy\" decoding=\"async\" class=\"wp-image-42 aligncenter\" src=\"https:\/\/qwazerty.com\/wp-content\/uploads\/2022\/12\/image-3.jpeg\" alt=\"\" width=\"291\" height=\"437\" srcset=\"https:\/\/qwazerty.com\/wp-content\/uploads\/2022\/12\/image-3.jpeg 843w, https:\/\/qwazerty.com\/wp-content\/uploads\/2022\/12\/image-3-768x1152.jpeg 768w, https:\/\/qwazerty.com\/wp-content\/uploads\/2022\/12\/image-3-480x720.jpeg 480w\" sizes=\"auto, (max-width: 291px) 100vw, 291px\" \/><\/p>\n","protected":false},"excerpt":{"rendered":"<p>Son Album : Fascin\u00e9 depuis toujours par l&rsquo;informatique (***d&rsquo;o\u00f9 l&rsquo;origine de son nom d&rsquo;artiste),\u00a0QwAzerty s&rsquo;est tout naturellement orient\u00e9 dans un style fusion regroupant la MAO, l&rsquo;acoustique Jazz, le rock et le rhythm&rsquo;n&rsquo;blues. Dans ses compositions jazz-rock, il s&rsquo;inspire de son exp\u00e9rience de la sc\u00e8ne (plus d&rsquo;une centaine de concerts) qui lui a permis de trouver [&hellip;]<\/p>\n","protected":false},"author":1,"featured_media":0,"parent":0,"menu_order":0,"comment_status":"closed","ping_status":"closed","template":"","meta":{"footnotes":""},"class_list":["post-31","page","type-page","status-publish","hentry"],"yoast_head":"<!-- This site is optimized with the Yoast SEO plugin v24.8.1 - https:\/\/yoast.com\/wordpress\/plugins\/seo\/ -->\n<title>Son Album - QwAzerty<\/title>\n<meta name=\"robots\" content=\"index, follow, max-snippet:-1, max-image-preview:large, max-video-preview:-1\" \/>\n<link rel=\"canonical\" href=\"https:\/\/qwazerty.com\/index.php\/ses-concerts\/\" \/>\n<meta property=\"og:locale\" content=\"fr_FR\" \/>\n<meta property=\"og:type\" content=\"article\" \/>\n<meta property=\"og:title\" content=\"Son Album - QwAzerty\" \/>\n<meta property=\"og:description\" content=\"Son Album : Fascin\u00e9 depuis toujours par l&rsquo;informatique (***d&rsquo;o\u00f9 l&rsquo;origine de son nom d&rsquo;artiste),\u00a0QwAzerty s&rsquo;est tout naturellement orient\u00e9 dans un style fusion regroupant la MAO, l&rsquo;acoustique Jazz, le rock et le rhythm&rsquo;n&rsquo;blues. Dans ses compositions jazz-rock, il s&rsquo;inspire de son exp\u00e9rience de la sc\u00e8ne (plus d&rsquo;une centaine de concerts) qui lui a permis de trouver [&hellip;]\" \/>\n<meta property=\"og:url\" content=\"https:\/\/qwazerty.com\/index.php\/ses-concerts\/\" \/>\n<meta property=\"og:site_name\" content=\"QwAzerty\" \/>\n<meta property=\"article:modified_time\" content=\"2022-12-23T20:20:21+00:00\" \/>\n<meta property=\"og:image\" content=\"https:\/\/qwazerty.com\/wp-content\/uploads\/2022\/12\/image-3.jpeg\" \/>\n\t<meta property=\"og:image:width\" content=\"843\" \/>\n\t<meta property=\"og:image:height\" content=\"1265\" \/>\n\t<meta property=\"og:image:type\" content=\"image\/jpeg\" \/>\n<meta name=\"twitter:card\" content=\"summary_large_image\" \/>\n<meta name=\"twitter:label1\" content=\"Dur\u00e9e de lecture estim\u00e9e\" \/>\n\t<meta name=\"twitter:data1\" content=\"1 minute\" \/>\n<script type=\"application\/ld+json\" class=\"yoast-schema-graph\">{\"@context\":\"https:\/\/schema.org\",\"@graph\":[{\"@type\":\"WebPage\",\"@id\":\"https:\/\/qwazerty.com\/index.php\/ses-concerts\/\",\"url\":\"https:\/\/qwazerty.com\/index.php\/ses-concerts\/\",\"name\":\"Son Album - QwAzerty\",\"isPartOf\":{\"@id\":\"https:\/\/qwazerty.com\/#website\"},\"primaryImageOfPage\":{\"@id\":\"https:\/\/qwazerty.com\/index.php\/ses-concerts\/#primaryimage\"},\"image\":{\"@id\":\"https:\/\/qwazerty.com\/index.php\/ses-concerts\/#primaryimage\"},\"thumbnailUrl\":\"https:\/\/qwazerty.com\/wp-content\/uploads\/2022\/12\/image-3.jpeg\",\"datePublished\":\"2022-12-19T21:36:45+00:00\",\"dateModified\":\"2022-12-23T20:20:21+00:00\",\"breadcrumb\":{\"@id\":\"https:\/\/qwazerty.com\/index.php\/ses-concerts\/#breadcrumb\"},\"inLanguage\":\"fr-FR\",\"potentialAction\":[{\"@type\":\"ReadAction\",\"target\":[\"https:\/\/qwazerty.com\/index.php\/ses-concerts\/\"]}]},{\"@type\":\"ImageObject\",\"inLanguage\":\"fr-FR\",\"@id\":\"https:\/\/qwazerty.com\/index.php\/ses-concerts\/#primaryimage\",\"url\":\"https:\/\/qwazerty.com\/wp-content\/uploads\/2022\/12\/image-3.jpeg\",\"contentUrl\":\"https:\/\/qwazerty.com\/wp-content\/uploads\/2022\/12\/image-3.jpeg\",\"width\":843,\"height\":1265},{\"@type\":\"BreadcrumbList\",\"@id\":\"https:\/\/qwazerty.com\/index.php\/ses-concerts\/#breadcrumb\",\"itemListElement\":[{\"@type\":\"ListItem\",\"position\":1,\"name\":\"Accueil\",\"item\":\"https:\/\/qwazerty.com\/\"},{\"@type\":\"ListItem\",\"position\":2,\"name\":\"Son Album\"}]},{\"@type\":\"WebSite\",\"@id\":\"https:\/\/qwazerty.com\/#website\",\"url\":\"https:\/\/qwazerty.com\/\",\"name\":\"QwAzerty\",\"description\":\"Auteur Compositeur Interpr\u00e8te\",\"potentialAction\":[{\"@type\":\"SearchAction\",\"target\":{\"@type\":\"EntryPoint\",\"urlTemplate\":\"https:\/\/qwazerty.com\/?s={search_term_string}\"},\"query-input\":{\"@type\":\"PropertyValueSpecification\",\"valueRequired\":true,\"valueName\":\"search_term_string\"}}],\"inLanguage\":\"fr-FR\"}]}<\/script>\n<!-- \/ Yoast SEO plugin. -->","yoast_head_json":{"title":"Son Album - QwAzerty","robots":{"index":"index","follow":"follow","max-snippet":"max-snippet:-1","max-image-preview":"max-image-preview:large","max-video-preview":"max-video-preview:-1"},"canonical":"https:\/\/qwazerty.com\/index.php\/ses-concerts\/","og_locale":"fr_FR","og_type":"article","og_title":"Son Album - QwAzerty","og_description":"Son Album : Fascin\u00e9 depuis toujours par l&rsquo;informatique (***d&rsquo;o\u00f9 l&rsquo;origine de son nom d&rsquo;artiste),\u00a0QwAzerty s&rsquo;est tout naturellement orient\u00e9 dans un style fusion regroupant la MAO, l&rsquo;acoustique Jazz, le rock et le rhythm&rsquo;n&rsquo;blues. Dans ses compositions jazz-rock, il s&rsquo;inspire de son exp\u00e9rience de la sc\u00e8ne (plus d&rsquo;une centaine de concerts) qui lui a permis de trouver [&hellip;]","og_url":"https:\/\/qwazerty.com\/index.php\/ses-concerts\/","og_site_name":"QwAzerty","article_modified_time":"2022-12-23T20:20:21+00:00","og_image":[{"width":843,"height":1265,"url":"https:\/\/qwazerty.com\/wp-content\/uploads\/2022\/12\/image-3.jpeg","type":"image\/jpeg"}],"twitter_card":"summary_large_image","twitter_misc":{"Dur\u00e9e de lecture estim\u00e9e":"1 minute"},"schema":{"@context":"https:\/\/schema.org","@graph":[{"@type":"WebPage","@id":"https:\/\/qwazerty.com\/index.php\/ses-concerts\/","url":"https:\/\/qwazerty.com\/index.php\/ses-concerts\/","name":"Son Album - QwAzerty","isPartOf":{"@id":"https:\/\/qwazerty.com\/#website"},"primaryImageOfPage":{"@id":"https:\/\/qwazerty.com\/index.php\/ses-concerts\/#primaryimage"},"image":{"@id":"https:\/\/qwazerty.com\/index.php\/ses-concerts\/#primaryimage"},"thumbnailUrl":"https:\/\/qwazerty.com\/wp-content\/uploads\/2022\/12\/image-3.jpeg","datePublished":"2022-12-19T21:36:45+00:00","dateModified":"2022-12-23T20:20:21+00:00","breadcrumb":{"@id":"https:\/\/qwazerty.com\/index.php\/ses-concerts\/#breadcrumb"},"inLanguage":"fr-FR","potentialAction":[{"@type":"ReadAction","target":["https:\/\/qwazerty.com\/index.php\/ses-concerts\/"]}]},{"@type":"ImageObject","inLanguage":"fr-FR","@id":"https:\/\/qwazerty.com\/index.php\/ses-concerts\/#primaryimage","url":"https:\/\/qwazerty.com\/wp-content\/uploads\/2022\/12\/image-3.jpeg","contentUrl":"https:\/\/qwazerty.com\/wp-content\/uploads\/2022\/12\/image-3.jpeg","width":843,"height":1265},{"@type":"BreadcrumbList","@id":"https:\/\/qwazerty.com\/index.php\/ses-concerts\/#breadcrumb","itemListElement":[{"@type":"ListItem","position":1,"name":"Accueil","item":"https:\/\/qwazerty.com\/"},{"@type":"ListItem","position":2,"name":"Son Album"}]},{"@type":"WebSite","@id":"https:\/\/qwazerty.com\/#website","url":"https:\/\/qwazerty.com\/","name":"QwAzerty","description":"Auteur Compositeur Interpr\u00e8te","potentialAction":[{"@type":"SearchAction","target":{"@type":"EntryPoint","urlTemplate":"https:\/\/qwazerty.com\/?s={search_term_string}"},"query-input":{"@type":"PropertyValueSpecification","valueRequired":true,"valueName":"search_term_string"}}],"inLanguage":"fr-FR"}]}},"_links":{"self":[{"href":"https:\/\/qwazerty.com\/index.php\/wp-json\/wp\/v2\/pages\/31","targetHints":{"allow":["GET"]}}],"collection":[{"href":"https:\/\/qwazerty.com\/index.php\/wp-json\/wp\/v2\/pages"}],"about":[{"href":"https:\/\/qwazerty.com\/index.php\/wp-json\/wp\/v2\/types\/page"}],"author":[{"embeddable":true,"href":"https:\/\/qwazerty.com\/index.php\/wp-json\/wp\/v2\/users\/1"}],"replies":[{"embeddable":true,"href":"https:\/\/qwazerty.com\/index.php\/wp-json\/wp\/v2\/comments?post=31"}],"version-history":[{"count":10,"href":"https:\/\/qwazerty.com\/index.php\/wp-json\/wp\/v2\/pages\/31\/revisions"}],"predecessor-version":[{"id":98,"href":"https:\/\/qwazerty.com\/index.php\/wp-json\/wp\/v2\/pages\/31\/revisions\/98"}],"wp:attachment":[{"href":"https:\/\/qwazerty.com\/index.php\/wp-json\/wp\/v2\/media?parent=31"}],"curies":[{"name":"wp","href":"https:\/\/api.w.org\/{rel}","templated":true}]}}