{"id":27,"date":"2022-12-19T22:36:20","date_gmt":"2022-12-19T21:36:20","guid":{"rendered":"https:\/\/qwazerty.com\/?page_id=27"},"modified":"2022-12-26T12:44:53","modified_gmt":"2022-12-26T11:44:53","slug":"auteur-compositeur","status":"publish","type":"page","link":"https:\/\/qwazerty.com\/index.php\/auteur-compositeur\/","title":{"rendered":"Auteur-Compositeur"},"content":{"rendered":"<h2><span style=\"text-decoration: underline;\">Auteur :<\/span><\/h2>\n<p>Auteur d&rsquo;un livre sur le logiciel d&rsquo;informatique\u00a0<em>Ragtime 3,\u00a0<\/em>publi\u00e9\u00a0\u00e0 seulement l&rsquo;\u00e2ge de dix-neuf ans, QwAzerty se prend de passions pour les mots, d\u00e8s son plus jeune \u00e2ge.<\/p>\n<p>Il participera pendant plus de huit ans aux Ateliers de Claude Lemesle (ancien directeur de la SACEM &#8211; auteur de plus de 3000 chansons), ainsi qu&rsquo;aux <em><a href=\"https:\/\/www.facebook.com\/LesStylomaniaques\/?ref=py_c&amp;paipv=0&amp;eav=AfbC4pAwE9Q6Bbg_nVnMosr_ZNgN5MB2YEkH03K9Zb8nCi1TAm-6NCDLySOBhMqodG4&amp;_rdr\">Stylomaniaques<\/a>\u00a0<\/em>(collectif d&rsquo;auteurs). Il encha\u00eenera les stages d&rsquo;\u00e9criture de chanson et de compositions, afin d&rsquo;aller toujours plus loin.<\/p>\n<p>Avec, \u00e0 son actif, plusieurs centaines de textes traitant des sujets fondamentaux comme la condition climatique et sociale actuelle, la passion amoureuse d\u00e9vorante, le deuil, la technologie, etc., il se lance \u00e0 pr\u00e9sent dans la cr\u00e9ation de son album.<\/p>\n<h2><span style=\"text-decoration: underline;\"><img loading=\"lazy\" decoding=\"async\" class=\"wp-image-61 aligncenter\" src=\"https:\/\/qwazerty.com\/wp-content\/uploads\/2022\/12\/Capture-d\u2019\u00e9cran-2022-12-23-\u00e0-18.53.25.png\" alt=\"\" width=\"445\" height=\"252\" srcset=\"https:\/\/qwazerty.com\/wp-content\/uploads\/2022\/12\/Capture-d\u2019\u00e9cran-2022-12-23-\u00e0-18.53.25.png 1116w, https:\/\/qwazerty.com\/wp-content\/uploads\/2022\/12\/Capture-d\u2019\u00e9cran-2022-12-23-\u00e0-18.53.25-768x434.png 768w\" sizes=\"auto, (max-width: 445px) 100vw, 445px\" \/><\/span><\/h2>\n<h2><span style=\"text-decoration: underline;\">Compositeur :<\/span><\/h2>\n<p>QwAzerty d\u00e9bute sa formation en tant que <strong>clarinettiste<\/strong> et <strong>compositeur de musique de film<\/strong> \u00e0 l\u2019\u00c9cole Normale de Musique de Paris avec Monsieur Sajot et Deplus (en clarinette) et Monsieur Bonnet (en composition).<\/p>\n<p>Il \u00e9tend ensuite sa formation \u00e0 l\u2019informatique (<strong>MAO<\/strong> et design sonore en Suisse), <strong>aux m\u00e9tiers du son<\/strong> en bruitage, en musique \u00e0 l&rsquo;image et en <strong>post-production<\/strong>.<\/p>\n<p>Par la suite, il \u00e9tudiera la\u00a0p\u00e9dagogie <strong>Richard Cross<\/strong> en technique vocale, au c\u00f4t\u00e9 de\u00a0Mark Marian pendant de nombreuses ann\u00e9es ainsi que la batterie et le saxophone.<\/p>\n<h2><span style=\"text-decoration: underline;\">Sc\u00e9nariste\/R\u00e9alisateur :<\/span><\/h2>\n<p>Depuis r\u00e9cemment, QwAzerty s&rsquo;ouvre \u00e9galement \u00e0 la cr\u00e9ation audiovisuelle en tant que sc\u00e9nariste et r\u00e9alisateur.\u00a0Il r\u00e9alise entre deux \u00e0 trois clips chaque ann\u00e9e :<\/p>\n<ul>\n<li><em>J&rsquo;\u00e9crivais \u00e0 la plume<\/em> (une de ses propres cr\u00e9ations)<\/li>\n<li><a href=\"https:\/\/www.youtube.com\/watch?v=T4rKYpBPy8M\"><em>Lovely <\/em><\/a>(Claire Kmy)<\/li>\n<li><em>L&rsquo;amour en solitaire<\/em> (Claire Kmy)<\/li>\n<li><em>Save your tears<\/em> (Claire Kmy)<\/li>\n<li><em>Bad Habits<\/em> (Claire Kmy)<\/li>\n<\/ul>\n<p><img loading=\"lazy\" decoding=\"async\" class=\"alignnone size-full wp-image-56\" src=\"https:\/\/qwazerty.com\/wp-content\/uploads\/2022\/12\/Capture-d\u2019\u00e9cran-2022-12-19-\u00e0-23.55.43.png\" alt=\"\" width=\"1648\" height=\"700\" srcset=\"https:\/\/qwazerty.com\/wp-content\/uploads\/2022\/12\/Capture-d\u2019\u00e9cran-2022-12-19-\u00e0-23.55.43.png 1648w, https:\/\/qwazerty.com\/wp-content\/uploads\/2022\/12\/Capture-d\u2019\u00e9cran-2022-12-19-\u00e0-23.55.43-768x326.png 768w, https:\/\/qwazerty.com\/wp-content\/uploads\/2022\/12\/Capture-d\u2019\u00e9cran-2022-12-19-\u00e0-23.55.43-1280x544.png 1280w\" sizes=\"auto, (max-width: 1648px) 100vw, 1648px\" \/><\/p>\n<p>&nbsp;<\/p>\n","protected":false},"excerpt":{"rendered":"<p>Auteur : Auteur d&rsquo;un livre sur le logiciel d&rsquo;informatique\u00a0Ragtime 3,\u00a0publi\u00e9\u00a0\u00e0 seulement l&rsquo;\u00e2ge de dix-neuf ans, QwAzerty se prend de passions pour les mots, d\u00e8s son plus jeune \u00e2ge. Il participera pendant plus de huit ans aux Ateliers de Claude Lemesle (ancien directeur de la SACEM &#8211; auteur de plus de 3000 chansons), ainsi qu&rsquo;aux Stylomaniaques\u00a0(collectif [&hellip;]<\/p>\n","protected":false},"author":1,"featured_media":0,"parent":0,"menu_order":0,"comment_status":"closed","ping_status":"closed","template":"","meta":{"footnotes":""},"class_list":["post-27","page","type-page","status-publish","hentry"],"yoast_head":"<!-- This site is optimized with the Yoast SEO plugin v24.8.1 - https:\/\/yoast.com\/wordpress\/plugins\/seo\/ -->\n<title>Auteur-Compositeur - QwAzerty<\/title>\n<meta name=\"robots\" content=\"index, follow, max-snippet:-1, max-image-preview:large, max-video-preview:-1\" \/>\n<link rel=\"canonical\" href=\"https:\/\/qwazerty.com\/index.php\/auteur-compositeur\/\" \/>\n<meta property=\"og:locale\" content=\"fr_FR\" \/>\n<meta property=\"og:type\" content=\"article\" \/>\n<meta property=\"og:title\" content=\"Auteur-Compositeur - QwAzerty\" \/>\n<meta property=\"og:description\" content=\"Auteur : Auteur d&rsquo;un livre sur le logiciel d&rsquo;informatique\u00a0Ragtime 3,\u00a0publi\u00e9\u00a0\u00e0 seulement l&rsquo;\u00e2ge de dix-neuf ans, QwAzerty se prend de passions pour les mots, d\u00e8s son plus jeune \u00e2ge. Il participera pendant plus de huit ans aux Ateliers de Claude Lemesle (ancien directeur de la SACEM &#8211; auteur de plus de 3000 chansons), ainsi qu&rsquo;aux Stylomaniaques\u00a0(collectif [&hellip;]\" \/>\n<meta property=\"og:url\" content=\"https:\/\/qwazerty.com\/index.php\/auteur-compositeur\/\" \/>\n<meta property=\"og:site_name\" content=\"QwAzerty\" \/>\n<meta property=\"article:modified_time\" content=\"2022-12-26T11:44:53+00:00\" \/>\n<meta name=\"twitter:card\" content=\"summary_large_image\" \/>\n<meta name=\"twitter:label1\" content=\"Dur\u00e9e de lecture estim\u00e9e\" \/>\n\t<meta name=\"twitter:data1\" content=\"1 minute\" \/>\n<script type=\"application\/ld+json\" class=\"yoast-schema-graph\">{\"@context\":\"https:\/\/schema.org\",\"@graph\":[{\"@type\":\"WebPage\",\"@id\":\"https:\/\/qwazerty.com\/index.php\/auteur-compositeur\/\",\"url\":\"https:\/\/qwazerty.com\/index.php\/auteur-compositeur\/\",\"name\":\"Auteur-Compositeur - QwAzerty\",\"isPartOf\":{\"@id\":\"https:\/\/qwazerty.com\/#website\"},\"datePublished\":\"2022-12-19T21:36:20+00:00\",\"dateModified\":\"2022-12-26T11:44:53+00:00\",\"breadcrumb\":{\"@id\":\"https:\/\/qwazerty.com\/index.php\/auteur-compositeur\/#breadcrumb\"},\"inLanguage\":\"fr-FR\",\"potentialAction\":[{\"@type\":\"ReadAction\",\"target\":[\"https:\/\/qwazerty.com\/index.php\/auteur-compositeur\/\"]}]},{\"@type\":\"BreadcrumbList\",\"@id\":\"https:\/\/qwazerty.com\/index.php\/auteur-compositeur\/#breadcrumb\",\"itemListElement\":[{\"@type\":\"ListItem\",\"position\":1,\"name\":\"Accueil\",\"item\":\"https:\/\/qwazerty.com\/\"},{\"@type\":\"ListItem\",\"position\":2,\"name\":\"Auteur-Compositeur\"}]},{\"@type\":\"WebSite\",\"@id\":\"https:\/\/qwazerty.com\/#website\",\"url\":\"https:\/\/qwazerty.com\/\",\"name\":\"QwAzerty\",\"description\":\"Auteur Compositeur Interpr\u00e8te\",\"potentialAction\":[{\"@type\":\"SearchAction\",\"target\":{\"@type\":\"EntryPoint\",\"urlTemplate\":\"https:\/\/qwazerty.com\/?s={search_term_string}\"},\"query-input\":{\"@type\":\"PropertyValueSpecification\",\"valueRequired\":true,\"valueName\":\"search_term_string\"}}],\"inLanguage\":\"fr-FR\"}]}<\/script>\n<!-- \/ Yoast SEO plugin. -->","yoast_head_json":{"title":"Auteur-Compositeur - QwAzerty","robots":{"index":"index","follow":"follow","max-snippet":"max-snippet:-1","max-image-preview":"max-image-preview:large","max-video-preview":"max-video-preview:-1"},"canonical":"https:\/\/qwazerty.com\/index.php\/auteur-compositeur\/","og_locale":"fr_FR","og_type":"article","og_title":"Auteur-Compositeur - QwAzerty","og_description":"Auteur : Auteur d&rsquo;un livre sur le logiciel d&rsquo;informatique\u00a0Ragtime 3,\u00a0publi\u00e9\u00a0\u00e0 seulement l&rsquo;\u00e2ge de dix-neuf ans, QwAzerty se prend de passions pour les mots, d\u00e8s son plus jeune \u00e2ge. Il participera pendant plus de huit ans aux Ateliers de Claude Lemesle (ancien directeur de la SACEM &#8211; auteur de plus de 3000 chansons), ainsi qu&rsquo;aux Stylomaniaques\u00a0(collectif [&hellip;]","og_url":"https:\/\/qwazerty.com\/index.php\/auteur-compositeur\/","og_site_name":"QwAzerty","article_modified_time":"2022-12-26T11:44:53+00:00","twitter_card":"summary_large_image","twitter_misc":{"Dur\u00e9e de lecture estim\u00e9e":"1 minute"},"schema":{"@context":"https:\/\/schema.org","@graph":[{"@type":"WebPage","@id":"https:\/\/qwazerty.com\/index.php\/auteur-compositeur\/","url":"https:\/\/qwazerty.com\/index.php\/auteur-compositeur\/","name":"Auteur-Compositeur - QwAzerty","isPartOf":{"@id":"https:\/\/qwazerty.com\/#website"},"datePublished":"2022-12-19T21:36:20+00:00","dateModified":"2022-12-26T11:44:53+00:00","breadcrumb":{"@id":"https:\/\/qwazerty.com\/index.php\/auteur-compositeur\/#breadcrumb"},"inLanguage":"fr-FR","potentialAction":[{"@type":"ReadAction","target":["https:\/\/qwazerty.com\/index.php\/auteur-compositeur\/"]}]},{"@type":"BreadcrumbList","@id":"https:\/\/qwazerty.com\/index.php\/auteur-compositeur\/#breadcrumb","itemListElement":[{"@type":"ListItem","position":1,"name":"Accueil","item":"https:\/\/qwazerty.com\/"},{"@type":"ListItem","position":2,"name":"Auteur-Compositeur"}]},{"@type":"WebSite","@id":"https:\/\/qwazerty.com\/#website","url":"https:\/\/qwazerty.com\/","name":"QwAzerty","description":"Auteur Compositeur Interpr\u00e8te","potentialAction":[{"@type":"SearchAction","target":{"@type":"EntryPoint","urlTemplate":"https:\/\/qwazerty.com\/?s={search_term_string}"},"query-input":{"@type":"PropertyValueSpecification","valueRequired":true,"valueName":"search_term_string"}}],"inLanguage":"fr-FR"}]}},"_links":{"self":[{"href":"https:\/\/qwazerty.com\/index.php\/wp-json\/wp\/v2\/pages\/27","targetHints":{"allow":["GET"]}}],"collection":[{"href":"https:\/\/qwazerty.com\/index.php\/wp-json\/wp\/v2\/pages"}],"about":[{"href":"https:\/\/qwazerty.com\/index.php\/wp-json\/wp\/v2\/types\/page"}],"author":[{"embeddable":true,"href":"https:\/\/qwazerty.com\/index.php\/wp-json\/wp\/v2\/users\/1"}],"replies":[{"embeddable":true,"href":"https:\/\/qwazerty.com\/index.php\/wp-json\/wp\/v2\/comments?post=27"}],"version-history":[{"count":12,"href":"https:\/\/qwazerty.com\/index.php\/wp-json\/wp\/v2\/pages\/27\/revisions"}],"predecessor-version":[{"id":105,"href":"https:\/\/qwazerty.com\/index.php\/wp-json\/wp\/v2\/pages\/27\/revisions\/105"}],"wp:attachment":[{"href":"https:\/\/qwazerty.com\/index.php\/wp-json\/wp\/v2\/media?parent=27"}],"curies":[{"name":"wp","href":"https:\/\/api.w.org\/{rel}","templated":true}]}}