{"id":2,"date":"2019-11-02T12:30:19","date_gmt":"2019-11-02T11:30:19","guid":{"rendered":"http:\/\/qwazerty.com\/?page_id=2"},"modified":"2023-05-14T19:20:37","modified_gmt":"2023-05-14T17:20:37","slug":"page-d-exemple","status":"publish","type":"page","link":"https:\/\/qwazerty.com\/","title":{"rendered":"QwAzerty &#8211; Chanteur"},"content":{"rendered":"<h5 style=\"text-align: center;\"><em>ACI<\/em><em>\u00a0(Auteur-Compositeur-Interpr\u00e8te)<\/em><\/h5>\n<p>[vc_row][vc_column]<div id=\"ut_oms_69e0be511908d\" class=\"wpb_content_element \">\r\n            <script type=\"text\/javascript\">\r\n                \r\n                (function ($) {\r\n\r\n                    $(document).ready( function () {\r\n\r\n                        \r\n                        var owl_ut_ms_69e0be511908c = {\r\n                            items: 1,\r\n                            lazyLoad: true,\r\n                            smartSpeed: 600,\r\n                            animateIn: \"\",\r\n                            animateOut: \"\",\r\n                            autoplay: true,\r\n\t\t\t\t\t\t\tautoplayHoverPause: true,\r\n                            autoplayTimeout: 5000,\r\n                            loop: true,\r\n                            nav: false,\r\n                            dots: false,\r\n                        };\r\n\r\n                        \r\n                        var $owl_ut_ms_69e0be511908c = $( \"#ut_ms_69e0be511908c\" );\r\n\r\n                        if ( $( \"#ut_ms_69e0be511908c\" ).closest( '.vc_row[data-vc-full-width]' ).length && $( window ).width() > 1600 ) {\r\n\r\n                            \/* wait for f***king vc *\/\r\n                            new ResizeSensor( $( \"#ut_ms_69e0be511908c\" ).closest( '.vc_row[data-vc-full-width]' ), function () {\r\n\r\n                                $owl_ut_ms_69e0be511908c.owlCarousel( owl_ut_ms_69e0be511908c );\r\n\r\n                            } );\r\n\r\n                        } else if ( $( \"#ut_ms_69e0be511908c\" ).closest( '.vc_section[data-vc-full-width]' ).length && $( window ).width() > 1600 ) {\r\n\r\n                            \/* wait for f***king vc *\/\r\n                            new ResizeSensor( $( \"#ut_ms_69e0be511908c\" ).closest( '.vc_section[data-vc-full-width]' ), function () {\r\n\r\n                                $owl_ut_ms_69e0be511908c.owlCarousel( owl_ut_ms_69e0be511908c );\r\n\r\n                            } );\r\n\r\n                        } else {\r\n\r\n                            $owl_ut_ms_69e0be511908c.owlCarousel( owl_ut_ms_69e0be511908c );\r\n\r\n                        }\r\n\r\n                        \r\n                        if ( $().lightGallery ) {\r\n\r\n                            var $lightgallery_ut_ms_69e0be511908c = $( \"#ut_ms_69e0be511908c\" );\r\n\r\n                            var lightgallery_ut_ms_69e0be511908c = {\r\n                                selector: \".for-lightbox\",\r\n                                hash: false,\r\n                                thumbnail: false,\r\n                                exThumbImage: 'data-exthumbimage',\r\n                                getCaptionFromTitleOrAlt: \"true\"\r\n                            };\r\n\r\n                            \/\/ run lightgallery\r\n\t\t\t\t\t\t\t$lightgallery_ut_ms_69e0be511908c.lightGallery( lightgallery_ut_ms_69e0be511908c );\r\n\t\t\t\t\t\t\t\r\n                            $owl_ut_ms_69e0be511908c.on( 'changed.owl.carousel', function ( event ) {\r\n\r\n                                $lightgallery_ut_ms_69e0be511908c.data( 'lightGallery' ).destroy( true, true );\r\n                                $lightgallery_ut_ms_69e0be511908c.lightGallery( lightgallery_ut_ms_69e0be511908c );\r\n\r\n                            });\r\n\t\t\t\t\t\t\t\r\n\t\t\t\t\t\t\t\t\t\t\t\t\t\t\r\n\t\t\t\t\t\t\t\t$lightgallery_ut_ms_69e0be511908c.on('onAfterOpen.lg',function(event){\r\n\t\t\t\t\t\t\t\t\t$owl_ut_ms_69e0be511908c.trigger('stop.owl.autoplay');\r\n\t\t\t\t\t\t\t\t});\r\n\r\n\t\t\t\t\t\t\t\t$lightgallery_ut_ms_69e0be511908c.on('onCloseAfter.lg',function(event){\r\n\t\t\t\t\t\t\t\t\t$owl_ut_ms_69e0be511908c.trigger('play.owl.autoplay');\r\n\t\t\t\t\t\t\t\t});\r\n\t\t\t\t\t\t\t\r\n\t\t\t\t\t\t\t\r\n                        }\r\n\r\n                        \r\n                    });\r\n\r\n                } )( jQuery );\r\n            <\/script>\r\n\r\n            <style type=\"text\/css\" scoped> #ut_oms_69e0be511908d .ut-gallery-slider-caption-wrap::before { content: \"\"; }<\/style><div class=\"ut-owl-gallery-slider-wrap\"><div id=\"ut_ms_69e0be511908c\" class=\"ut-owl-gallery-slider owl-carousel owl-theme \"><div><figure class=\"ut-gallery-slider-caption-wrap\"><a data-exthumbimage=\"https:\/\/qwazerty.com\/wp-content\/uploads\/2019\/11\/QwAzerty-h600-200x200.jpg\" href=\"https:\/\/qwazerty.com\/wp-content\/uploads\/2019\/11\/QwAzerty-h600.jpg\" class=\"for-lightbox ut-slider-maximize\"><i class=\"Bklyn-Core-Maximize-3\"><\/i><\/a><img class=\"item owl-lazy\" data-src=\"https:\/\/qwazerty.com\/wp-content\/uploads\/2019\/11\/QwAzerty-h600.jpg\" \/><\/figure><\/div><div><figure class=\"ut-gallery-slider-caption-wrap\"><a data-exthumbimage=\"https:\/\/qwazerty.com\/wp-content\/uploads\/2019\/11\/Qwazerty-Claire-K-my-aux-Stylomaniaques-31-mars-2017-h600-200x200.jpg\" href=\"https:\/\/qwazerty.com\/wp-content\/uploads\/2019\/11\/Qwazerty-Claire-K-my-aux-Stylomaniaques-31-mars-2017-h600.jpg\" class=\"for-lightbox ut-slider-maximize\"><i class=\"Bklyn-Core-Maximize-3\"><\/i><\/a><img class=\"item owl-lazy\" data-src=\"https:\/\/qwazerty.com\/wp-content\/uploads\/2019\/11\/Qwazerty-Claire-K-my-aux-Stylomaniaques-31-mars-2017-h600.jpg\" \/><\/figure><\/div><div><figure class=\"ut-gallery-slider-caption-wrap\"><a data-exthumbimage=\"https:\/\/qwazerty.com\/wp-content\/uploads\/2022\/12\/image-5-200x200.jpeg\" href=\"https:\/\/qwazerty.com\/wp-content\/uploads\/2022\/12\/image-5-960x720.jpeg\" class=\"for-lightbox ut-slider-maximize\"><i class=\"Bklyn-Core-Maximize-3\"><\/i><\/a><img class=\"item owl-lazy\" data-src=\"https:\/\/qwazerty.com\/wp-content\/uploads\/2022\/12\/image-5.jpeg\" \/><\/figure><\/div><\/div><a href=\"#\" data-for=\"ut_ms_69e0be511908c\" class=\"ut-prev-gallery-slide ut-single-slider-control\"><i class=\"Bklyn-Core-Left-2\"><\/i><\/a><a href=\"#\" data-for=\"ut_ms_69e0be511908c\" class=\"ut-next-gallery-slide ut-single-slider-control\"><i class=\"Bklyn-Core-Right-2\"><\/i><\/a><\/div><\/div>[vc_column_text]<\/p>\n<h1><em>\u00ab\u00a0J&rsquo;ai le c\u0153ur entre deux r\u00eaves\u00a0\u00bb<\/em><\/h1>\n<h2><span style=\"text-decoration: underline;\">A propos de QwAzerty :<\/span><\/h2>\n<p>\u00c0 la plume <strong>nostalgique<\/strong>, <strong>romantique<\/strong> et <strong>r\u00e9volt\u00e9e<\/strong>, QwAzerty \u00e9crit, compose et interpr\u00e8te pour cr\u00e9er un moment de partage avec le public. Avec plus d&rsquo;une centaine de concerts <em><span style=\"text-decoration: underline;\">jazz-rock<\/span>\u00a0<\/em>dans toute la France, la sc\u00e8ne est devenue sa premi\u00e8re maison.<\/p>\n<p>Entour\u00e9 de musique d\u00e8s son plus jeune \u00e2ge, <b>QwAzerty<\/b> d\u00e9bute sa formation en tant que clarinettiste et compositeur de musique de film \u00e0 l&rsquo;<b>Ecole Normale de Musique de Paris<\/b>. Il se forme ensuite \u00e0 l&rsquo;informatique (MAO et design sonore en Suisse), \u00e0 la batterie, au saxophone mais \u00e9galement \u00e0 la danse, au chant actuel (p\u00e9dagogie <b>Richard Cross<\/b>) et aux m\u00e9tiers du son et de l&rsquo;image o\u00f9 il co-r\u00e9alise un clip musical en 2019. Passionn\u00e9 \u00e9galement par les mots, il d\u00e9veloppe sa cr\u00e9ativit\u00e9 d&rsquo;\u00e9criture par de nombreuses chansons et suivra pendant plusieurs ann\u00e9es la formation de <b>Claude Lemesle <\/b>(Stylomaniaques).<\/p>\n<p>Pour ses fans qui s&rsquo;interrogent sur l&rsquo;origine de son nom de sc\u00e8ne, celui-ci provient de la mixit\u00e9 culturelle (croisement des mots anglais et fran\u00e7ais) et artistique en ajoutant quelques tera-octets<span class=\"Apple-converted-space\">\u00a0<\/span>d&rsquo;informatique :)[\/vc_column_text][\/vc_column][\/vc_row]<\/p>\n","protected":false},"excerpt":{"rendered":"<p>ACI\u00a0(Auteur-Compositeur-Interpr\u00e8te) [vc_row][vc_column][vc_column_text] \u00ab\u00a0J&rsquo;ai le c\u0153ur entre deux r\u00eaves\u00a0\u00bb A propos de QwAzerty : \u00c0 la plume nostalgique, romantique et r\u00e9volt\u00e9e, QwAzerty \u00e9crit, compose et interpr\u00e8te pour cr\u00e9er un moment de partage avec le public. Avec plus d&rsquo;une centaine de concerts jazz-rock\u00a0dans toute la France, la sc\u00e8ne est devenue sa premi\u00e8re maison. Entour\u00e9 de musique d\u00e8s [&hellip;]<\/p>\n","protected":false},"author":1,"featured_media":0,"parent":0,"menu_order":0,"comment_status":"closed","ping_status":"open","template":"","meta":{"footnotes":""},"class_list":["post-2","page","type-page","status-publish","hentry"],"yoast_head":"<!-- This site is optimized with the Yoast SEO plugin v24.8.1 - https:\/\/yoast.com\/wordpress\/plugins\/seo\/ -->\n<title>QwAzerty - Chanteur - QwAzerty<\/title>\n<meta name=\"robots\" content=\"index, follow, max-snippet:-1, max-image-preview:large, max-video-preview:-1\" \/>\n<link rel=\"canonical\" href=\"https:\/\/qwazerty.com\/\" \/>\n<meta property=\"og:locale\" content=\"fr_FR\" \/>\n<meta property=\"og:type\" content=\"article\" \/>\n<meta property=\"og:title\" content=\"QwAzerty - Chanteur - QwAzerty\" \/>\n<meta property=\"og:description\" content=\"ACI\u00a0(Auteur-Compositeur-Interpr\u00e8te) [vc_row][vc_column][vc_column_text] \u00ab\u00a0J&rsquo;ai le c\u0153ur entre deux r\u00eaves\u00a0\u00bb A propos de QwAzerty : \u00c0 la plume nostalgique, romantique et r\u00e9volt\u00e9e, QwAzerty \u00e9crit, compose et interpr\u00e8te pour cr\u00e9er un moment de partage avec le public. Avec plus d&rsquo;une centaine de concerts jazz-rock\u00a0dans toute la France, la sc\u00e8ne est devenue sa premi\u00e8re maison. Entour\u00e9 de musique d\u00e8s [&hellip;]\" \/>\n<meta property=\"og:url\" content=\"https:\/\/qwazerty.com\/\" \/>\n<meta property=\"og:site_name\" content=\"QwAzerty\" \/>\n<meta property=\"article:modified_time\" content=\"2023-05-14T17:20:37+00:00\" \/>\n<meta name=\"twitter:card\" content=\"summary_large_image\" \/>\n<meta name=\"twitter:label1\" content=\"Dur\u00e9e de lecture estim\u00e9e\" \/>\n\t<meta name=\"twitter:data1\" content=\"1 minute\" \/>\n<script type=\"application\/ld+json\" class=\"yoast-schema-graph\">{\"@context\":\"https:\/\/schema.org\",\"@graph\":[{\"@type\":\"WebPage\",\"@id\":\"https:\/\/qwazerty.com\/\",\"url\":\"https:\/\/qwazerty.com\/\",\"name\":\"QwAzerty - Chanteur - QwAzerty\",\"isPartOf\":{\"@id\":\"https:\/\/qwazerty.com\/#website\"},\"datePublished\":\"2019-11-02T11:30:19+00:00\",\"dateModified\":\"2023-05-14T17:20:37+00:00\",\"breadcrumb\":{\"@id\":\"https:\/\/qwazerty.com\/#breadcrumb\"},\"inLanguage\":\"fr-FR\",\"potentialAction\":[{\"@type\":\"ReadAction\",\"target\":[\"https:\/\/qwazerty.com\/\"]}]},{\"@type\":\"BreadcrumbList\",\"@id\":\"https:\/\/qwazerty.com\/#breadcrumb\",\"itemListElement\":[{\"@type\":\"ListItem\",\"position\":1,\"name\":\"Accueil\",\"item\":\"https:\/\/qwazerty.com\/\"},{\"@type\":\"ListItem\",\"position\":2,\"name\":\"QwAzerty &#8211; Chanteur\"}]},{\"@type\":\"WebSite\",\"@id\":\"https:\/\/qwazerty.com\/#website\",\"url\":\"https:\/\/qwazerty.com\/\",\"name\":\"QwAzerty\",\"description\":\"Auteur Compositeur Interpr\u00e8te\",\"potentialAction\":[{\"@type\":\"SearchAction\",\"target\":{\"@type\":\"EntryPoint\",\"urlTemplate\":\"https:\/\/qwazerty.com\/?s={search_term_string}\"},\"query-input\":{\"@type\":\"PropertyValueSpecification\",\"valueRequired\":true,\"valueName\":\"search_term_string\"}}],\"inLanguage\":\"fr-FR\"}]}<\/script>\n<!-- \/ Yoast SEO plugin. -->","yoast_head_json":{"title":"QwAzerty - Chanteur - QwAzerty","robots":{"index":"index","follow":"follow","max-snippet":"max-snippet:-1","max-image-preview":"max-image-preview:large","max-video-preview":"max-video-preview:-1"},"canonical":"https:\/\/qwazerty.com\/","og_locale":"fr_FR","og_type":"article","og_title":"QwAzerty - Chanteur - QwAzerty","og_description":"ACI\u00a0(Auteur-Compositeur-Interpr\u00e8te) [vc_row][vc_column][vc_column_text] \u00ab\u00a0J&rsquo;ai le c\u0153ur entre deux r\u00eaves\u00a0\u00bb A propos de QwAzerty : \u00c0 la plume nostalgique, romantique et r\u00e9volt\u00e9e, QwAzerty \u00e9crit, compose et interpr\u00e8te pour cr\u00e9er un moment de partage avec le public. Avec plus d&rsquo;une centaine de concerts jazz-rock\u00a0dans toute la France, la sc\u00e8ne est devenue sa premi\u00e8re maison. Entour\u00e9 de musique d\u00e8s [&hellip;]","og_url":"https:\/\/qwazerty.com\/","og_site_name":"QwAzerty","article_modified_time":"2023-05-14T17:20:37+00:00","twitter_card":"summary_large_image","twitter_misc":{"Dur\u00e9e de lecture estim\u00e9e":"1 minute"},"schema":{"@context":"https:\/\/schema.org","@graph":[{"@type":"WebPage","@id":"https:\/\/qwazerty.com\/","url":"https:\/\/qwazerty.com\/","name":"QwAzerty - Chanteur - QwAzerty","isPartOf":{"@id":"https:\/\/qwazerty.com\/#website"},"datePublished":"2019-11-02T11:30:19+00:00","dateModified":"2023-05-14T17:20:37+00:00","breadcrumb":{"@id":"https:\/\/qwazerty.com\/#breadcrumb"},"inLanguage":"fr-FR","potentialAction":[{"@type":"ReadAction","target":["https:\/\/qwazerty.com\/"]}]},{"@type":"BreadcrumbList","@id":"https:\/\/qwazerty.com\/#breadcrumb","itemListElement":[{"@type":"ListItem","position":1,"name":"Accueil","item":"https:\/\/qwazerty.com\/"},{"@type":"ListItem","position":2,"name":"QwAzerty &#8211; Chanteur"}]},{"@type":"WebSite","@id":"https:\/\/qwazerty.com\/#website","url":"https:\/\/qwazerty.com\/","name":"QwAzerty","description":"Auteur Compositeur Interpr\u00e8te","potentialAction":[{"@type":"SearchAction","target":{"@type":"EntryPoint","urlTemplate":"https:\/\/qwazerty.com\/?s={search_term_string}"},"query-input":{"@type":"PropertyValueSpecification","valueRequired":true,"valueName":"search_term_string"}}],"inLanguage":"fr-FR"}]}},"_links":{"self":[{"href":"https:\/\/qwazerty.com\/index.php\/wp-json\/wp\/v2\/pages\/2","targetHints":{"allow":["GET"]}}],"collection":[{"href":"https:\/\/qwazerty.com\/index.php\/wp-json\/wp\/v2\/pages"}],"about":[{"href":"https:\/\/qwazerty.com\/index.php\/wp-json\/wp\/v2\/types\/page"}],"author":[{"embeddable":true,"href":"https:\/\/qwazerty.com\/index.php\/wp-json\/wp\/v2\/users\/1"}],"replies":[{"embeddable":true,"href":"https:\/\/qwazerty.com\/index.php\/wp-json\/wp\/v2\/comments?post=2"}],"version-history":[{"count":20,"href":"https:\/\/qwazerty.com\/index.php\/wp-json\/wp\/v2\/pages\/2\/revisions"}],"predecessor-version":[{"id":129,"href":"https:\/\/qwazerty.com\/index.php\/wp-json\/wp\/v2\/pages\/2\/revisions\/129"}],"wp:attachment":[{"href":"https:\/\/qwazerty.com\/index.php\/wp-json\/wp\/v2\/media?parent=2"}],"curies":[{"name":"wp","href":"https:\/\/api.w.org\/{rel}","templated":true}]}}